{"id":2204,"date":"2021-02-08T23:01:28","date_gmt":"2021-02-08T23:01:28","guid":{"rendered":"https:\/\/quadrasoftworks.com.br\/blog\/"},"modified":"2021-11-25T11:55:08","modified_gmt":"2021-11-25T14:55:08","slug":"blog","status":"publish","type":"page","link":"https:\/\/quadrasoftworks.com.br\/es\/blog\/","title":{"rendered":"Blog"},"content":{"rendered":"<section class=\"wpb-content-wrapper\"><p>[vc_section full_width=&#8221;stretch_row_content&#8221; section_pos_relative=&#8221;yes&#8221; section_overflow_unset=&#8221;yes&#8221;][vc_row full_width=&#8221;stretch_row_content_no_spaces&#8221; css=&#8221;.vc_custom_1631908660927{background-image: url(https:\/\/quadrasoftworks.com.br\/wp-content\/uploads\/2021\/09\/banner-geral.jpg?id=1322) !important;}&#8221;][vc_column]\r\n\r\n\r\n\r\n<div class=\"avo-header style-4\">\r\n    <div class=\"pages-header bg-img valign parallaxie\" data-background=\"\" data-overlay-dark=\"5\">\r\n        <div class=\"container\">\r\n            <div class=\"row\">\r\n                <div class=\"col-lg-12\">\r\n                    <div class=\"cont text-center\">\r\n                        <h1>Blog<\/h1>\r\n                        <div class=\"path\">\r\n                            <span class=\" 1 breadcrumb-first\"><a href=\"https:\/\/quadrasoftworks.com.br\/es\/\"> Home<\/a><\/span><em> \/ <\/em>                        <\/div>\r\n                    <\/div>\r\n                <\/div>\r\n            <\/div>\r\n        <\/div>\r\n    <\/div>\r\n<\/div>\r\n\r\n \r\n\r\n\r\n\r\n[\/vc_column][\/vc_row][\/vc_section][vc_section el_class=&#8221;avo-section-mode2&#8243; css=&#8221;.vc_custom_1612825819593{padding-top: 110px !important;padding-bottom: 70px !important;}&#8221;][vc_row container_max_width=&#8221;1150&#8243;][vc_column][vc_basic_grid post_type=&#8221;post&#8221; max_items=&#8221;12&#8243; order=&#8221;ASC&#8221; item=&#8221;1666&#8243; grid_id=&#8221;vc_gid:1637851903657-db936109-5120-1&#8243;][\/vc_column][\/vc_row][\/vc_section][vc_section full_width=&#8221;stretch_row_content&#8221; el_class=&#8221;avo-section-mode1&#8243; css=&#8221;.vc_custom_1612051340783{margin-bottom: 0px !important;padding-top: 0px !important;padding-right: 0px !important;padding-bottom: 0px !important;padding-left: 0px !important;background-color: #11141b !important;}&#8221;][vc_row content_placement=&#8221;middle&#8221;][vc_column width=&#8221;1\/2&#8243; el_class=&#8221;avo-footer-padding&#8221;][vc_row_inner][vc_column_inner][vc_single_image image=&#8221;1013&#8243; img_size=&#8221;205&#215;59&#8243; css=&#8221;.vc_custom_1631723574342{margin-bottom: 30px !important;padding-bottom: 0px !important;}&#8221;][vc_custom_heading text=&#8221;Este Es Nuestro Mundo. Esta Es Nuestra Forma. Esta Es Nuestra Quadra.&#8221; font_container=&#8221;tag:h2|font_size:16|text_align:left|color:%23ffffff&#8221; google_fonts=&#8221;font_family:Barlow%20Condensed%3Aregular|font_style:300%20light%20regular%3A300%3Anormal&#8221; letter_spacing=&#8221;1&#8243;][vc_custom_heading text=&#8221;<strong>Email:<\/strong> contato@quadrasoftworks.com.br&#8221; font_container=&#8221;tag:h2|font_size:16|text_align:left|color:%23ffffff&#8221; google_fonts=&#8221;font_family:Barlow%20Condensed%3Aregular|font_style:300%20light%20regular%3A300%3Anormal&#8221; letter_spacing=&#8221;1&#8243;][vc_custom_heading text=&#8221;<strong>Direcci\u00f3n:<\/strong> Avenida Paulista, 1.374 &#8211; 4\u00ba andar, Bela Vista<br \/>\r\nCEP: 01311-000 \/ S\u00e3o Paulo &#8211; Brasil&#8221; font_container=&#8221;tag:h2|font_size:16|text_align:left|color:%23ffffff&#8221; google_fonts=&#8221;font_family:Barlow%20Condensed%3Aregular|font_style:300%20light%20regular%3A300%3Anormal&#8221; letter_spacing=&#8221;1&#8243;][vc_custom_heading text=&#8221;<strong>Telefono:<\/strong> +55 (11) 5555-3095&#8243; font_container=&#8221;tag:h2|font_size:16|text_align:left|color:%23ffffff&#8221; google_fonts=&#8221;font_family:Barlow%20Condensed%3Aregular|font_style:300%20light%20regular%3A300%3Anormal&#8221; letter_spacing=&#8221;1&#8243;][vc_custom_heading text=&#8221;<strong>Whatsapp<\/strong>: +55 (11) 99171-0305&#8243; font_container=&#8221;tag:h2|font_size:16|text_align:left|color:%23ffffff&#8221; google_fonts=&#8221;font_family:Barlow%20Condensed%3Aregular|font_style:300%20light%20regular%3A300%3Anormal&#8221; class=&#8221;&#8220;fa&#8221; letter_spacing=&#8221;1&#8243; link=&#8221;url:https%3A%2F%2Fwa.me%2F5511991710305%3Ftext%3DOl%C3%A1%2Cgostaria%20de%20mais%20informa%C3%A7%C3%B5es.|title:Whatsapp|target:_blank&#8221;][\/vc_column_inner][\/vc_row_inner][vc_row_inner][vc_column_inner css=&#8221;.vc_custom_1610798811482{margin-top: 10px !important;}&#8221;][vc_custom_heading text=&#8221;SIGUENOS&#8221; font_container=&#8221;tag:h2|font_size:13|text_align:left|color:%23ffffff&#8221; google_fonts=&#8221;font_family:Barlow%20Condensed%3Aregular|font_style:300%20light%20regular%3A300%3Anormal&#8221; position_relative=&#8221;yes&#8221; css=&#8221;.vc_custom_1637852005901{padding-top: 7px !important;padding-right: 7px !important;padding-bottom: 0px !important;padding-left: 7px !important;}&#8221; el_class=&#8221;avo-effect-1&#8243; letter_spacing=&#8221;4&#8243;][vc_column_text]<\/p>\r\n<ul class=\"header-icon\" style=\"float: left !important; margin-left: 0;\">\r\n<li><a class=\"sempad\" href=\"https:\/\/wa.me\/5511991710305?text=Ol\u00e1,gostaria de mais informa\u00e7\u00f5es.\" target=\"_blank\" rel=\"noopener\"><br \/>\r\n<i class=\"fa fa-whatsapp\" aria-hidden=\"true\"><\/i><br \/>\r\n<\/a><\/li>\r\n<li><a class=\"sempad\" href=\"https:\/\/facebook.com\/quadrasoftworks\" target=\"_blank\" rel=\"noopener\"><br \/>\r\n<i class=\"fa fa-facebook\" aria-hidden=\"true\"><\/i><br \/>\r\n<\/a><\/li>\r\n<li><a class=\"sempad\" href=\"https:\/\/twitter.com\/quadrasoftworks\" target=\"_blank\" rel=\"noopener\"><br \/>\r\n<i class=\"fa fa-twitter\" aria-hidden=\"true\"><\/i><br \/>\r\n<\/a><\/li>\r\n<li><a class=\"sempad\" href=\"https:\/\/instagram.com\/quadrasoftworks\" target=\"_blank\" rel=\"noopener\"><br \/>\r\n<i class=\"fa fa-instagram\" aria-hidden=\"true\"><\/i><br \/>\r\n<\/a><\/li>\r\n<li><a class=\"sempad\" href=\"https:\/\/www.linkedin.com\/company\/quadrasoftworks\" target=\"_blank\" rel=\"noopener\"><br \/>\r\n<i class=\"fa fa-linkedin\" aria-hidden=\"true\"><\/i><br \/>\r\n<\/a><\/li>\r\n<\/ul>\r\n<p>[\/vc_column_text][\/vc_column_inner][\/vc_row_inner][\/vc_column][vc_column width=&#8221;1\/2&#8243; el_class=&#8221;avo-footer-padding2&#8243;][vc_row_inner el_class=&#8221;sumir&#8221;][vc_column_inner][vc_custom_heading text=&#8221;NEWSLETTER&#8221; font_container=&#8221;tag:h2|font_size:13|text_align:left|color:%23ffffff&#8221; google_fonts=&#8221;font_family:Barlow%20Condensed%3Aregular|font_style:300%20light%20regular%3A300%3Anormal&#8221; position_relative=&#8221;yes&#8221; css=&#8221;.vc_custom_1612262059486{margin-bottom: 30px !important;padding-top: 7px !important;padding-right: 7px !important;padding-bottom: 7px !important;padding-left: 7px !important;}&#8221; el_class=&#8221;avo-effect-1&#8243; letter_spacing=&#8221;4&#8243;][vc_custom_heading text=&#8221;Inscreva-se e receba nossas novidades!&#8221; font_container=&#8221;tag:h2|font_size:12|text_align:left|color:%23999999|line_height:2&#8243; use_theme_fonts=&#8221;yes&#8221; css=&#8221;.vc_custom_1631734969183{margin-top: 10px !important;margin-right: 10px !important;margin-bottom: 10px !important;margin-left: 10px !important;}&#8221;][vc_gutenberg el_class=&#8221;avo-mc4wp-1&#8243; css=&#8221;.vc_custom_1613160186238{margin-top: -10px !important;}&#8221;]<\/p>\r\n<p><p>[mc4wp_form id=&#8221;627&#8243;]<\/p>\n<p>\n[\/vc_gutenberg][\/vc_column_inner][\/vc_row_inner][vc_row_inner][vc_column_inner][vc_custom_heading text=&#8221;INSTITUCIONAL&#8221; font_container=&#8221;tag:h2|font_size:13|text_align:left|color:%23ffffff&#8221; google_fonts=&#8221;font_family:Barlow%20Condensed%3Aregular|font_style:300%20light%20regular%3A300%3Anormal&#8221; position_relative=&#8221;yes&#8221; css=&#8221;.vc_custom_1631724296911{margin-bottom: 30px !important;padding-top: 7px !important;padding-right: 7px !important;padding-bottom: 7px !important;padding-left: 7px !important;}&#8221; el_class=&#8221;avo-effect-1&#8243; letter_spacing=&#8221;4&#8243;]<style>\r\n    \t\t#avo-menu-avo69de63a2b8350 .white-header, #avo-menu-avo69de63a2b8350.custom-sticky {text-align: left;}\r\n    \t\t#avo-menu-avo69de63a2b8350 .menu-box ul li ul {text-align: left;}\r\n    \t\t#avo-menu-avo69de63a2b8350 .menu-box  {display: inline-block;}\r\n    \t\t#avo-menu-avo69de63a2b8350 .box-mobile  {display: inline-block;}\r\n    <\/style>\r\n\r\n<div id=\"avo-menu-avo69de63a2b8350\" class=\"avo-nav style-1  no-bg\">\r\n    <div class=\"main-menu menu-wrapper hidden-xs hidden-sm  \">\r\n        <div class=\"menu-rodape-espanhol-container\"><ul id=\"menu-rodape-espanhol\" class=\"home-nav navigation menu\"><li id=\"menu-item-2276\" class=\"menu-item menu-item-type-post_type menu-item-object-page menu-item-2276\"><a href=\"https:\/\/quadrasoftworks.com.br\/es\/acerca-de-quadra\/\">Acerca De Quadra<\/a><\/li>\n<li id=\"menu-item-2278\" class=\"menu-item menu-item-type-post_type menu-item-object-page menu-item-2278\"><a href=\"https:\/\/quadrasoftworks.com.br\/es\/politica-de-privacidade\/\">Pol\u00edtica De Privacidad<\/a><\/li>\n<li id=\"menu-item-2279\" class=\"menu-item menu-item-type-post_type menu-item-object-page menu-item-2279\"><a href=\"https:\/\/quadrasoftworks.com.br\/es\/termos-e-condicoes\/\">T\u00e9rminos Y Condiciones<\/a><\/li>\n<li id=\"menu-item-2277\" class=\"menu-item menu-item-type-post_type menu-item-object-page menu-item-2277\"><a href=\"https:\/\/quadrasoftworks.com.br\/es\/blog\/\">Blog<\/a><\/li>\n<\/ul><\/div>    <\/div><!--\/.menu-box-->\r\n    <div class=\"mobile-wrapper hidden-lg hidden-md\">\r\n        <a href=\"#\" class=\"hamburger\"><div class=\"hamburger__icon\"><\/div><\/a>\r\n        <div class=\"fat-nav\">\r\n            <div class=\"fat-nav__wrapper\">\r\n                                \r\n                <div class=\"fat-list\"> <ul id=\"menu-rodape-espanhol-1\" class=\"mob-nav  menu\"><li class=\"menu-item menu-item-type-post_type menu-item-object-page menu-item-2276\"><a href=\"https:\/\/quadrasoftworks.com.br\/es\/acerca-de-quadra\/\">Acerca De Quadra<\/a><\/li>\n<li class=\"menu-item menu-item-type-post_type menu-item-object-page menu-item-2278\"><a href=\"https:\/\/quadrasoftworks.com.br\/es\/politica-de-privacidade\/\">Pol\u00edtica De Privacidad<\/a><\/li>\n<li class=\"menu-item menu-item-type-post_type menu-item-object-page menu-item-2279\"><a href=\"https:\/\/quadrasoftworks.com.br\/es\/termos-e-condicoes\/\">T\u00e9rminos Y Condiciones<\/a><\/li>\n<li class=\"menu-item menu-item-type-post_type menu-item-object-page menu-item-2277\"><a href=\"https:\/\/quadrasoftworks.com.br\/es\/blog\/\">Blog<\/a><\/li>\n<\/ul><\/div>\r\n            <\/div>\r\n        <\/div>\r\n    <\/div><!--\/.box-mobile-->\r\n<\/div>\r\n\r\n\r\n[\/vc_column_inner][\/vc_row_inner][\/vc_column][\/vc_row][\/vc_section]<\/p>\r\n<\/section>","protected":false},"excerpt":{"rendered":"<p>vc_section full_width=&#8221;stretch_row_content&#8221; section_pos_relative=&#8221;yes&#8221; section_overflow_unset=&#8221;yes&#8221;vc_row full_width=&#8221;stretch_row_content_no_spaces&#8221; css=&#8221;.vc_custom_1631908660927{background-image: url(https:\/\/quadrasoftworks.com.br\/wp-content\/uploads\/2021\/09\/banner-geral.jpg?id=1322) !important;}&#8221;vc_column\/vc_column\/vc_row\/vc_sectionvc_section el_class=&#8221;avo-section-mode2&#8243; css=&#8221;.vc_custom_1612825819593{padding-top: 110px !important;padding-bottom: 70px !important;}&#8221;vc_row container_max_width=&#8221;1150&#8243;vc_columnvc_basic_grid post_type=&#8221;post&#8221; max_items=&#8221;12&#8243; order=&#8221;ASC&#8221; item=&#8221;1666&#8243; grid_id=&#8221;vc_gid:1637851903657-db936109-5120-1&#8243;\/vc_column\/vc_row\/vc_sectionvc_section full_width=&#8221;stretch_row_content&#8221; el_class=&#8221;avo-section-mode1&#8243; css=&#8221;.vc_custom_1612051340783{margin-bottom: 0px !important;padding-top: 0px !important;padding-right: 0px !important;padding-bottom: 0px !important;padding-left: 0px !important;background-color: #11141b !important;}&#8221;vc_row content_placement=&#8221;middle&#8221;vc_column width=&#8221;1\/2&#8243; el_class=&#8221;avo-footer-padding&#8221;vc_row_innervc_column_innervc_single_image image=&#8221;1013&#8243; img_size=&#8221;205&#215;59&#8243; css=&#8221;.vc_custom_1631723574342{margin-bottom: 30px !important;padding-bottom: 0px !important;}&#8221;vc_custom_heading text=&#8221;Este Es Nuestro Mundo. Esta Es Nuestra Forma. Esta Es Nuestra Quadra.&#8221; font_container=&#8221;tag:h2|font_size:16|text_align:left|color:%23ffffff&#8221; google_fonts=&#8221;font_family:Barlow%20Condensed%3Aregular|font_style:300%20light%20regular%3A300%3Anormal&#8221; letter_spacing=&#8221;1&#8243;vc_custom_heading &hellip;<\/p>\n","protected":false},"author":1,"featured_media":0,"parent":0,"menu_order":0,"comment_status":"closed","ping_status":"closed","template":"avo-builder.php","meta":{"footnotes":""},"class_list":["post-2204","page","type-page","status-publish","hentry"],"yoast_head":"<!-- This site is optimized with the Yoast SEO Premium plugin v19.5 (Yoast SEO v27.2) - https:\/\/yoast.com\/product\/yoast-seo-premium-wordpress\/ -->\n<title>Blog - Quadra Softworks<\/title>\n<meta name=\"robots\" content=\"index, follow, max-snippet:-1, max-image-preview:large, max-video-preview:-1\" \/>\n<link rel=\"canonical\" href=\"https:\/\/quadrasoftworks.com.br\/es\/blog\/\" \/>\n<meta property=\"og:locale\" content=\"es_ES\" \/>\n<meta property=\"og:type\" content=\"article\" \/>\n<meta property=\"og:title\" content=\"Blog\" \/>\n<meta property=\"og:description\" content=\"vc_section full_width=&#8221;stretch_row_content&#8221; section_pos_relative=&#8221;yes&#8221; section_overflow_unset=&#8221;yes&#8221;vc_row full_width=&#8221;stretch_row_content_no_spaces&#8221; css=&#8221;.vc_custom_1631908660927{background-image: url(https:\/\/quadrasoftworks.com.br\/wp-content\/uploads\/2021\/09\/banner-geral.jpg?id=1322) !important;}&#8221;vc_column\/vc_column\/vc_row\/vc_sectionvc_section el_class=&#8221;avo-section-mode2&#8243; css=&#8221;.vc_custom_1612825819593{padding-top: 110px !important;padding-bottom: 70px !important;}&#8221;vc_row container_max_width=&#8221;1150&#8243;vc_columnvc_basic_grid post_type=&#8221;post&#8221; max_items=&#8221;12&#8243; order=&#8221;ASC&#8221; item=&#8221;1666&#8243; grid_id=&#8221;vc_gid:1637851903657-db936109-5120-1&#8243;\/vc_column\/vc_row\/vc_sectionvc_section full_width=&#8221;stretch_row_content&#8221; el_class=&#8221;avo-section-mode1&#8243; css=&#8221;.vc_custom_1612051340783{margin-bottom: 0px !important;padding-top: 0px !important;padding-right: 0px !important;padding-bottom: 0px !important;padding-left: 0px !important;background-color: #11141b !important;}&#8221;vc_row content_placement=&#8221;middle&#8221;vc_column width=&#8221;1\/2&#8243; el_class=&#8221;avo-footer-padding&#8221;vc_row_innervc_column_innervc_single_image image=&#8221;1013&#8243; img_size=&#8221;205&#215;59&#8243; css=&#8221;.vc_custom_1631723574342{margin-bottom: 30px !important;padding-bottom: 0px !important;}&#8221;vc_custom_heading text=&#8221;Este Es Nuestro Mundo. Esta Es Nuestra Forma. Esta Es Nuestra Quadra.&#8221; font_container=&#8221;tag:h2|font_size:16|text_align:left|color:%23ffffff&#8221; google_fonts=&#8221;font_family:Barlow%20Condensed%3Aregular|font_style:300%20light%20regular%3A300%3Anormal&#8221; letter_spacing=&#8221;1&#8243;vc_custom_heading &hellip;\" \/>\n<meta property=\"og:url\" content=\"https:\/\/quadrasoftworks.com.br\/es\/blog\/\" \/>\n<meta property=\"og:site_name\" content=\"Quadra Softworks\" \/>\n<meta property=\"article:publisher\" content=\"https:\/\/facebook.com\/quadrasoftworks\" \/>\n<meta property=\"article:modified_time\" content=\"2021-11-25T14:55:08+00:00\" \/>\n<meta property=\"og:image\" content=\"https:\/\/quadrasoftworks.com.br\/wp-content\/uploads\/2025\/06\/quadra-imagem-redes.png\" \/>\n\t<meta property=\"og:image:width\" content=\"720\" \/>\n\t<meta property=\"og:image:height\" content=\"393\" \/>\n\t<meta property=\"og:image:type\" content=\"image\/png\" \/>\n<meta name=\"twitter:card\" content=\"summary_large_image\" \/>\n<meta name=\"twitter:site\" content=\"@quadrasoftworks\" \/>\n<meta name=\"twitter:label1\" content=\"Tiempo de lectura\" \/>\n\t<meta name=\"twitter:data1\" content=\"3 minutos\" \/>\n<script type=\"application\/ld+json\" class=\"yoast-schema-graph\">{\"@context\":\"https:\/\/schema.org\",\"@graph\":[{\"@type\":\"WebPage\",\"@id\":\"https:\/\/quadrasoftworks.com.br\/es\/blog\/\",\"url\":\"https:\/\/quadrasoftworks.com.br\/es\/blog\/\",\"name\":\"Blog - Quadra Softworks\",\"isPartOf\":{\"@id\":\"https:\/\/quadrasoftworks.com.br\/#website\"},\"datePublished\":\"2021-02-08T23:01:28+00:00\",\"dateModified\":\"2021-11-25T14:55:08+00:00\",\"breadcrumb\":{\"@id\":\"https:\/\/quadrasoftworks.com.br\/es\/blog\/#breadcrumb\"},\"inLanguage\":\"es\",\"potentialAction\":[{\"@type\":\"ReadAction\",\"target\":[\"https:\/\/quadrasoftworks.com.br\/es\/blog\/\"]}]},{\"@type\":\"BreadcrumbList\",\"@id\":\"https:\/\/quadrasoftworks.com.br\/es\/blog\/#breadcrumb\",\"itemListElement\":[{\"@type\":\"ListItem\",\"position\":1,\"name\":\"In\u00edcio\",\"item\":\"https:\/\/quadrasoftworks.com.br\/es\/\"},{\"@type\":\"ListItem\",\"position\":2,\"name\":\"Blog\"}]},{\"@type\":\"WebSite\",\"@id\":\"https:\/\/quadrasoftworks.com.br\/#website\",\"url\":\"https:\/\/quadrasoftworks.com.br\/\",\"name\":\"Quadra Softworks\",\"description\":\"Solu\u00e7\u00f5es de alta performance e confiabilidade, oferecemos solu\u00e7\u00f5es para o mercado financeiro.\",\"publisher\":{\"@id\":\"https:\/\/quadrasoftworks.com.br\/#organization\"},\"potentialAction\":[{\"@type\":\"SearchAction\",\"target\":{\"@type\":\"EntryPoint\",\"urlTemplate\":\"https:\/\/quadrasoftworks.com.br\/?s={search_term_string}\"},\"query-input\":{\"@type\":\"PropertyValueSpecification\",\"valueRequired\":true,\"valueName\":\"search_term_string\"}}],\"inLanguage\":\"es\"},{\"@type\":\"Organization\",\"@id\":\"https:\/\/quadrasoftworks.com.br\/#organization\",\"name\":\"Quadra Softworks\",\"url\":\"https:\/\/quadrasoftworks.com.br\/\",\"logo\":{\"@type\":\"ImageObject\",\"inLanguage\":\"es\",\"@id\":\"https:\/\/quadrasoftworks.com.br\/#\/schema\/logo\/image\/\",\"url\":\"https:\/\/quadrasoftworks.com.br\/wp-content\/uploads\/2021\/09\/ico-home-e1632173789208.png\",\"contentUrl\":\"https:\/\/quadrasoftworks.com.br\/wp-content\/uploads\/2021\/09\/ico-home-e1632173789208.png\",\"width\":16,\"height\":16,\"caption\":\"Quadra Softworks\"},\"image\":{\"@id\":\"https:\/\/quadrasoftworks.com.br\/#\/schema\/logo\/image\/\"},\"sameAs\":[\"https:\/\/facebook.com\/quadrasoftworks\",\"https:\/\/x.com\/quadrasoftworks\",\"https:\/\/www.instagram.com\/quadrasoftworks\/\",\"https:\/\/www.youtube.com\/channel\/UCa56rtfmriGGB-URLLOilPg\/featured\",\"https:\/\/www.linkedin.com\/company\/quadrasoftworks\/\"]}]}<\/script>\n<!-- \/ Yoast SEO Premium plugin. -->","yoast_head_json":{"title":"Blog - Quadra Softworks","robots":{"index":"index","follow":"follow","max-snippet":"max-snippet:-1","max-image-preview":"max-image-preview:large","max-video-preview":"max-video-preview:-1"},"canonical":"https:\/\/quadrasoftworks.com.br\/es\/blog\/","og_locale":"es_ES","og_type":"article","og_title":"Blog","og_description":"vc_section full_width=&#8221;stretch_row_content&#8221; section_pos_relative=&#8221;yes&#8221; section_overflow_unset=&#8221;yes&#8221;vc_row full_width=&#8221;stretch_row_content_no_spaces&#8221; css=&#8221;.vc_custom_1631908660927{background-image: url(https:\/\/quadrasoftworks.com.br\/wp-content\/uploads\/2021\/09\/banner-geral.jpg?id=1322) !important;}&#8221;vc_column\/vc_column\/vc_row\/vc_sectionvc_section el_class=&#8221;avo-section-mode2&#8243; css=&#8221;.vc_custom_1612825819593{padding-top: 110px !important;padding-bottom: 70px !important;}&#8221;vc_row container_max_width=&#8221;1150&#8243;vc_columnvc_basic_grid post_type=&#8221;post&#8221; max_items=&#8221;12&#8243; order=&#8221;ASC&#8221; item=&#8221;1666&#8243; grid_id=&#8221;vc_gid:1637851903657-db936109-5120-1&#8243;\/vc_column\/vc_row\/vc_sectionvc_section full_width=&#8221;stretch_row_content&#8221; el_class=&#8221;avo-section-mode1&#8243; css=&#8221;.vc_custom_1612051340783{margin-bottom: 0px !important;padding-top: 0px !important;padding-right: 0px !important;padding-bottom: 0px !important;padding-left: 0px !important;background-color: #11141b !important;}&#8221;vc_row content_placement=&#8221;middle&#8221;vc_column width=&#8221;1\/2&#8243; el_class=&#8221;avo-footer-padding&#8221;vc_row_innervc_column_innervc_single_image image=&#8221;1013&#8243; img_size=&#8221;205&#215;59&#8243; css=&#8221;.vc_custom_1631723574342{margin-bottom: 30px !important;padding-bottom: 0px !important;}&#8221;vc_custom_heading text=&#8221;Este Es Nuestro Mundo. Esta Es Nuestra Forma. Esta Es Nuestra Quadra.&#8221; font_container=&#8221;tag:h2|font_size:16|text_align:left|color:%23ffffff&#8221; google_fonts=&#8221;font_family:Barlow%20Condensed%3Aregular|font_style:300%20light%20regular%3A300%3Anormal&#8221; letter_spacing=&#8221;1&#8243;vc_custom_heading &hellip;","og_url":"https:\/\/quadrasoftworks.com.br\/es\/blog\/","og_site_name":"Quadra Softworks","article_publisher":"https:\/\/facebook.com\/quadrasoftworks","article_modified_time":"2021-11-25T14:55:08+00:00","og_image":[{"width":720,"height":393,"url":"https:\/\/quadrasoftworks.com.br\/wp-content\/uploads\/2025\/06\/quadra-imagem-redes.png","type":"image\/png"}],"twitter_card":"summary_large_image","twitter_site":"@quadrasoftworks","twitter_misc":{"Tiempo de lectura":"3 minutos"},"schema":{"@context":"https:\/\/schema.org","@graph":[{"@type":"WebPage","@id":"https:\/\/quadrasoftworks.com.br\/es\/blog\/","url":"https:\/\/quadrasoftworks.com.br\/es\/blog\/","name":"Blog - Quadra Softworks","isPartOf":{"@id":"https:\/\/quadrasoftworks.com.br\/#website"},"datePublished":"2021-02-08T23:01:28+00:00","dateModified":"2021-11-25T14:55:08+00:00","breadcrumb":{"@id":"https:\/\/quadrasoftworks.com.br\/es\/blog\/#breadcrumb"},"inLanguage":"es","potentialAction":[{"@type":"ReadAction","target":["https:\/\/quadrasoftworks.com.br\/es\/blog\/"]}]},{"@type":"BreadcrumbList","@id":"https:\/\/quadrasoftworks.com.br\/es\/blog\/#breadcrumb","itemListElement":[{"@type":"ListItem","position":1,"name":"In\u00edcio","item":"https:\/\/quadrasoftworks.com.br\/es\/"},{"@type":"ListItem","position":2,"name":"Blog"}]},{"@type":"WebSite","@id":"https:\/\/quadrasoftworks.com.br\/#website","url":"https:\/\/quadrasoftworks.com.br\/","name":"Quadra Softworks","description":"Solu\u00e7\u00f5es de alta performance e confiabilidade, oferecemos solu\u00e7\u00f5es para o mercado financeiro.","publisher":{"@id":"https:\/\/quadrasoftworks.com.br\/#organization"},"potentialAction":[{"@type":"SearchAction","target":{"@type":"EntryPoint","urlTemplate":"https:\/\/quadrasoftworks.com.br\/?s={search_term_string}"},"query-input":{"@type":"PropertyValueSpecification","valueRequired":true,"valueName":"search_term_string"}}],"inLanguage":"es"},{"@type":"Organization","@id":"https:\/\/quadrasoftworks.com.br\/#organization","name":"Quadra Softworks","url":"https:\/\/quadrasoftworks.com.br\/","logo":{"@type":"ImageObject","inLanguage":"es","@id":"https:\/\/quadrasoftworks.com.br\/#\/schema\/logo\/image\/","url":"https:\/\/quadrasoftworks.com.br\/wp-content\/uploads\/2021\/09\/ico-home-e1632173789208.png","contentUrl":"https:\/\/quadrasoftworks.com.br\/wp-content\/uploads\/2021\/09\/ico-home-e1632173789208.png","width":16,"height":16,"caption":"Quadra Softworks"},"image":{"@id":"https:\/\/quadrasoftworks.com.br\/#\/schema\/logo\/image\/"},"sameAs":["https:\/\/facebook.com\/quadrasoftworks","https:\/\/x.com\/quadrasoftworks","https:\/\/www.instagram.com\/quadrasoftworks\/","https:\/\/www.youtube.com\/channel\/UCa56rtfmriGGB-URLLOilPg\/featured","https:\/\/www.linkedin.com\/company\/quadrasoftworks\/"]}]}},"_links":{"self":[{"href":"https:\/\/quadrasoftworks.com.br\/es\/wp-json\/wp\/v2\/pages\/2204","targetHints":{"allow":["GET"]}}],"collection":[{"href":"https:\/\/quadrasoftworks.com.br\/es\/wp-json\/wp\/v2\/pages"}],"about":[{"href":"https:\/\/quadrasoftworks.com.br\/es\/wp-json\/wp\/v2\/types\/page"}],"author":[{"embeddable":true,"href":"https:\/\/quadrasoftworks.com.br\/es\/wp-json\/wp\/v2\/users\/1"}],"replies":[{"embeddable":true,"href":"https:\/\/quadrasoftworks.com.br\/es\/wp-json\/wp\/v2\/comments?post=2204"}],"version-history":[{"count":3,"href":"https:\/\/quadrasoftworks.com.br\/es\/wp-json\/wp\/v2\/pages\/2204\/revisions"}],"predecessor-version":[{"id":2310,"href":"https:\/\/quadrasoftworks.com.br\/es\/wp-json\/wp\/v2\/pages\/2204\/revisions\/2310"}],"wp:attachment":[{"href":"https:\/\/quadrasoftworks.com.br\/es\/wp-json\/wp\/v2\/media?parent=2204"}],"curies":[{"name":"wp","href":"https:\/\/api.w.org\/{rel}","templated":true}]}}